{"id":5076,"date":"2026-05-10T19:30:54","date_gmt":"2026-05-10T23:30:54","guid":{"rendered":"https:\/\/festivalbonjour.com\/hebergement-et-avantages\/"},"modified":"2026-05-10T20:17:08","modified_gmt":"2026-05-11T00:17:08","slug":"hebergement-et-avantages","status":"publish","type":"page","link":"https:\/\/festivalbonjour.com\/en\/hebergement-et-avantages\/","title":{"rendered":"Accommodations and offers"},"content":{"rendered":"\t\t<div data-elementor-type=\"wp-page\" data-elementor-id=\"5076\" class=\"elementor elementor-5076\" data-elementor-post-type=\"page\">\n\t\t\t\t\t\t<section class=\"elementor-section elementor-top-section elementor-element elementor-element-f383b78 elementor-section-boxed elementor-section-height-default elementor-section-height-default\" data-id=\"f383b78\" data-element_type=\"section\" data-e-type=\"section\">\n\t\t\t\t\t\t<div class=\"elementor-container elementor-column-gap-default\">\n\t\t\t\t\t<div class=\"elementor-column elementor-col-100 elementor-top-column elementor-element elementor-element-4ff64de\" data-id=\"4ff64de\" data-element_type=\"column\" data-e-type=\"column\">\n\t\t\t<div class=\"elementor-widget-wrap elementor-element-populated\">\n\t\t\t\t\t\t<div class=\"elementor-element elementor-element-55962ae elementor-widget elementor-widget-heading\" data-id=\"55962ae\" data-element_type=\"widget\" data-e-type=\"widget\" data-widget_type=\"heading.default\">\n\t\t\t\t<div class=\"elementor-widget-container\">\n\t\t\t\t\t<h2 class=\"elementor-heading-title elementor-size-default\">Accommodations<\/h2>\t\t\t\t<\/div>\n\t\t\t\t<\/div>\n\t\t\t\t\t<\/div>\n\t\t<\/div>\n\t\t\t\t\t<\/div>\n\t\t<\/section>\n\t\t\t\t<section class=\"elementor-section elementor-top-section elementor-element elementor-element-49eec87 elementor-section-boxed elementor-section-height-default elementor-section-height-default\" data-id=\"49eec87\" data-element_type=\"section\" data-e-type=\"section\">\n\t\t\t\t\t\t<div class=\"elementor-container elementor-column-gap-default\">\n\t\t\t\t\t<div class=\"elementor-column elementor-col-33 elementor-top-column elementor-element elementor-element-3958687\" data-id=\"3958687\" data-element_type=\"column\" data-e-type=\"column\">\n\t\t\t<div class=\"elementor-widget-wrap elementor-element-populated\">\n\t\t\t\t\t\t<div class=\"elementor-element elementor-element-b9e67a7 elementor-widget elementor-widget-image\" data-id=\"b9e67a7\" data-element_type=\"widget\" data-e-type=\"widget\" data-widget_type=\"image.default\">\n\t\t\t\t<div class=\"elementor-widget-container\">\n\t\t\t\t\t\t\t\t\t\t\t\t\t\t\t<img fetchpriority=\"high\" decoding=\"async\" width=\"800\" height=\"1000\" src=\"https:\/\/festivalbonjour.com\/wp-content\/uploads\/2026\/05\/FB26-hotels-1-819x1024.png\" class=\"attachment-large size-large wp-image-5066\" alt=\"\" srcset=\"https:\/\/festivalbonjour.com\/wp-content\/uploads\/2026\/05\/FB26-hotels-1-819x1024.png 819w, https:\/\/festivalbonjour.com\/wp-content\/uploads\/2026\/05\/FB26-hotels-1-240x300.png 240w, https:\/\/festivalbonjour.com\/wp-content\/uploads\/2026\/05\/FB26-hotels-1-768x960.png 768w, https:\/\/festivalbonjour.com\/wp-content\/uploads\/2026\/05\/FB26-hotels-1.png 1080w\" sizes=\"(max-width: 800px) 100vw, 800px\" \/>\t\t\t\t\t\t\t\t\t\t\t\t\t\t\t<\/div>\n\t\t\t\t<\/div>\n\t\t\t\t\t<\/div>\n\t\t<\/div>\n\t\t\t\t<div class=\"elementor-column elementor-col-66 elementor-top-column elementor-element elementor-element-64d4e50\" data-id=\"64d4e50\" data-element_type=\"column\" data-e-type=\"column\">\n\t\t\t<div class=\"elementor-widget-wrap elementor-element-populated\">\n\t\t\t\t\t\t<div class=\"elementor-element elementor-element-29b97ce elementor-widget elementor-widget-text-editor\" data-id=\"29b97ce\" data-element_type=\"widget\" data-e-type=\"widget\" data-widget_type=\"text-editor.default\">\n\t\t\t\t<div class=\"elementor-widget-container\">\n\t\t\t\t\t\t\t\t\t<p>Planning to travel to Thunder Bay for Festival BONJOUR? Great news \u2014 we\u2019ve secured exclusive preferred rates with our hotel partners just for you!<\/p><p><b><strong>Prince Arthur Hotel<\/strong><\/b> \u2013 the official Festival BONJOUR hotel<br \/>Stay in the heart of the action!<\/p><p>Rooms for two at just $174 per night, including breakfast, from June 16 to 22. An additional $15 per night applies for each extra guest. <b><strong>This special rate is available while rooms last! <br \/><\/strong><\/b>Click <strong><a href=\"https:\/\/app.mews.com\/distributor\/c1eb5c5e-7204-47ef-8447-b32300d63ad3?mewsAvailabilityBlockId=2362ba25-e3f7-4d2e-9fad-b3e6014b9b13&amp;mewsStart=2026-06-16&amp;mewsEnd=2026-06-22\">here<\/a> <\/strong>to book directly with the Prince Arthur Hotel.<br \/><br \/><\/p><p><b><strong>Holiday Inn Express &amp; Suites<br \/><\/strong><\/b>Enjoy a modern and comfortable stay at a preferred rate.<\/p><p>Rooms at $239 per night, from June 18 to 20.<br \/><b><strong>Booking deadline: June 4, 2026.<br \/><\/strong><\/b>Click <a href=\"https:\/\/www.ihg.com\/holidayinnexpress\/hotels\/us\/en\/find-hotels\/select-roomrate?fromRedirect=true&amp;%3BqSrt=sBR&amp;%3BqIta=99801505&amp;%3Bicdv=99801505&amp;%3BqSlH=YQTHB&amp;%3BqCiD=18&amp;%3BqCiMy=052026&amp;%3BqCoD=20&amp;%3BqCoMy=052026&amp;%3BqGrpCd=FBJ&amp;%3BsetPMCookies=true&amp;%3BqSHBrC=EX&amp;%3BqDest=1041+Carrick+Street%2C+Thunder+Bay%2C+ON%2C+CA&amp;%3BshowApp=true&amp;%3BadjustMonth=false&amp;%3Bsrb_u=1&amp;zlinkid=96631e42-77ef-4a6e-bf56-87a41164f13b\" target=\"_blank\" rel=\"noopener noreferrer\"><strong>here<\/strong> <\/a>to book directly with Holiday Inn Express &amp; Suites<br \/><br \/><\/p><p><strong>Delta Hotels by Marriott Thunder Bay<br \/><\/strong>Treat yourself to an upscale stay at a discounted rate!<\/p><p>Rooms at $239 per night (regularly $284), with one king bed or two queen beds, available June 19 and 20 only.<br \/><b><strong>Booking deadline: May 18, 2026.<br \/><\/strong><\/b>For direct booking with the Delta, click<strong> <a href=\"https:\/\/app.marriott.com\/reslink?id=1774892901390&amp;%3Bkey=GRP&amp;%3Bapp=resvlink&amp;zlinkid=243e8b23-a7fc-43cd-b0c2-a12da0c30db4\" target=\"_blank\" rel=\"noopener noreferrer\">here<\/a>.<\/strong><\/p><p>\u00a0<\/p><p><b><strong>Book early \u2014 availability is limited and the festival is just around the corner!<\/strong><\/b><\/p>\t\t\t\t\t\t\t\t<\/div>\n\t\t\t\t<\/div>\n\t\t\t\t\t<\/div>\n\t\t<\/div>\n\t\t\t\t\t<\/div>\n\t\t<\/section>\n\t\t\t\t<section class=\"elementor-section elementor-top-section elementor-element elementor-element-9717bc2 elementor-section-boxed elementor-section-height-default elementor-section-height-default\" data-id=\"9717bc2\" data-element_type=\"section\" data-e-type=\"section\">\n\t\t\t\t\t\t<div class=\"elementor-container elementor-column-gap-default\">\n\t\t\t\t\t<div class=\"elementor-column elementor-col-100 elementor-top-column elementor-element elementor-element-c0bc9f0\" data-id=\"c0bc9f0\" data-element_type=\"column\" data-e-type=\"column\">\n\t\t\t<div class=\"elementor-widget-wrap elementor-element-populated\">\n\t\t\t\t\t\t<div class=\"elementor-element elementor-element-136330a elementor-widget elementor-widget-heading\" data-id=\"136330a\" data-element_type=\"widget\" data-e-type=\"widget\" data-widget_type=\"heading.default\">\n\t\t\t\t<div class=\"elementor-widget-container\">\n\t\t\t\t\t<h2 class=\"elementor-heading-title elementor-size-default\">Incentives and Offers<\/h2>\t\t\t\t<\/div>\n\t\t\t\t<\/div>\n\t\t\t\t\t<\/div>\n\t\t<\/div>\n\t\t\t\t\t<\/div>\n\t\t<\/section>\n\t\t\t\t<section class=\"elementor-section elementor-top-section elementor-element elementor-element-dc1300d elementor-section-boxed elementor-section-height-default elementor-section-height-default\" data-id=\"dc1300d\" data-element_type=\"section\" data-e-type=\"section\">\n\t\t\t\t\t\t<div class=\"elementor-container elementor-column-gap-default\">\n\t\t\t\t\t<div class=\"elementor-column elementor-col-100 elementor-top-column elementor-element elementor-element-6c84d2a\" data-id=\"6c84d2a\" data-element_type=\"column\" data-e-type=\"column\">\n\t\t\t<div class=\"elementor-widget-wrap elementor-element-populated\">\n\t\t\t\t\t\t<div class=\"elementor-element elementor-element-47cb104 elementor-widget elementor-widget-text-editor\" data-id=\"47cb104\" data-element_type=\"widget\" data-e-type=\"widget\" data-widget_type=\"text-editor.default\">\n\t\t\t\t<div class=\"elementor-widget-container\">\n\t\t\t\t\t\t\t\t\t<p>Pour rendre votre exp\u00e9rience au Festival BONJOUR encore plus festive, les commer\u00e7ants du quartier, et des entreprises francophones de Thunder Bay vous offriront des avantages. Restez \u00e0 l&#8217;aff\u00fbt pour d\u00e9couvrir les offres \u00e0 venir.<\/p>\t\t\t\t\t\t\t\t<\/div>\n\t\t\t\t<\/div>\n\t\t\t\t\t<\/div>\n\t\t<\/div>\n\t\t\t\t\t<\/div>\n\t\t<\/section>\n\t\t\t\t<\/div>\n\t\t","protected":false},"excerpt":{"rendered":"<p>Accommodations Planning to travel to Thunder Bay for Festival BONJOUR? Great news \u2014 we\u2019ve secured exclusive preferred rates with our hotel partners just for you! Prince Arthur Hotel \u2013 the official Festival BONJOUR hotelStay in the heart of the action! Rooms for two at just $174 per night, including breakfast, from June 16 to 22. [&hellip;]<\/p>\n","protected":false},"author":2,"featured_media":0,"parent":0,"menu_order":0,"comment_status":"closed","ping_status":"closed","template":"","meta":{"_seopress_robots_primary_cat":"","_seopress_titles_title":"","_seopress_titles_desc":"","_seopress_robots_index":"","_eb_attr":"","inline_featured_image":false,"footnotes":""},"class_list":["post-5076","page","type-page","status-publish","hentry"],"_links":{"self":[{"href":"https:\/\/festivalbonjour.com\/en\/wp-json\/wp\/v2\/pages\/5076","targetHints":{"allow":["GET"]}}],"collection":[{"href":"https:\/\/festivalbonjour.com\/en\/wp-json\/wp\/v2\/pages"}],"about":[{"href":"https:\/\/festivalbonjour.com\/en\/wp-json\/wp\/v2\/types\/page"}],"author":[{"embeddable":true,"href":"https:\/\/festivalbonjour.com\/en\/wp-json\/wp\/v2\/users\/2"}],"replies":[{"embeddable":true,"href":"https:\/\/festivalbonjour.com\/en\/wp-json\/wp\/v2\/comments?post=5076"}],"version-history":[{"count":6,"href":"https:\/\/festivalbonjour.com\/en\/wp-json\/wp\/v2\/pages\/5076\/revisions"}],"predecessor-version":[{"id":5084,"href":"https:\/\/festivalbonjour.com\/en\/wp-json\/wp\/v2\/pages\/5076\/revisions\/5084"}],"wp:attachment":[{"href":"https:\/\/festivalbonjour.com\/en\/wp-json\/wp\/v2\/media?parent=5076"}],"curies":[{"name":"wp","href":"https:\/\/api.w.org\/{rel}","templated":true}]}}